{"id":135,"date":"2016-03-13T18:31:59","date_gmt":"2016-03-13T16:31:59","guid":{"rendered":"https:\/\/rsfduisdorf.wordpress.com\/?page_id=135"},"modified":"2016-03-13T18:31:59","modified_gmt":"2016-03-13T16:31:59","slug":"haftungshinweis","status":"publish","type":"page","link":"http:\/\/www.rsf-duisdorf.de\/?page_id=135","title":{"rendered":"Haftungshinweis"},"content":{"rendered":"<p><strong>Haftungshinweis<\/strong><\/p>\n<p>Trotz sorgf\u00e4ltiger inhaltlicher Kontrolle \u00fcbernehmen wir keine Haftung f\u00fcr die Inhalte externer Hyperlinks, auf die wir im Rahmen unserer Internet-Homepage verweisen und schliessen jegliche Haftung oder M\u00e4ngelanspr\u00fcche in Bezug auf die Seiten Dritter aus. Gem\u00e4ss \u00a7 5 Abs.1 TDG sind wir ausschliesslich nur f\u00fcr die eigenen Inhalte verantwortlich.<\/p>\n<p>Von diesen eigenen Inhalten sind Querverweise (Hyperlinks) auf die von anderen Anbietern bereitgestellten Inhalte zu unterscheiden.F\u00fcr die Daten, Inhalte, Angebote und Hyperlinks dritter Anbieter sind ausschliesslich deren Betreiber verantwortlich, da diese Seiten keinerlei Kontrollm\u00f6glichkeit von unserer Seite unterliegen. F\u00fcr illegale, fehlerhafte und\/oder unvollst\u00e4ndige Inhalte sowie f\u00fcr Sch\u00e4den, die durch die Nutzung oder Nichtnutzung der Informationen entstehen, haftet allein der Anbieter der Webseite, auf die verwiesen wurde. In Bezug auf die Rechtsprechung des Bundesgerichtshofs (BGH) (Urteil vom 1. April 2004, Az.: I ZR 317\/01&#8243;Haftbarkeit f\u00fcr Hyperlinks&#8220;) ist eine eingehende rechtliche Pr\u00fcfung der verlinkten Inhalte nicht mehr erforderlich. Gem\u00e4ss \u00a7 5 Abs.2 TDG sind wir f\u00fcr Hypelinks auf fremde Inhalte dritter Anbieter nur verantwortlich, wenn wir von einem rechtswidrigen oder strafbaren Gehalt positive Kenntnis haben und es technisch m\u00f6glich und zumutbar ist, deren Nutzung zu verhindern. Auch sind wir nicht verpflichtet, in periodischen Abst\u00e4nden den Inhalt von Angeboten Dritter auf deren Rechtswidrigkeit oder Strafbarkeit zu \u00fcberpr\u00fcfen. Sobald wir von einem rechtswidrigen Inhalt einer Web-Seite Dritter erfahren, wird der entsprechende Hyperlink von unserer Webseite entfernt. Weiterhin m\u00f6chten wir ausdr\u00fccklich betonen, dass wir auf die Internetseiten dritter Anbieter keinerlei Einfluss auf Verf\u00fcgbarkeit, deren Gestaltung, Inhalte und Angebote, sowie deren Hyperlinks haben. Unter Bezug auf das Urteil des Landgericht (LG) Hamburg (Urteil vom 12. Mai 1998, Az.: 312 O 85\/98 &#8222;Haftung f\u00fcr Links&#8220;), distanzieren wir uns hiermit ausdr\u00fccklich von allen Daten, Inhalten, Angeboten und Hyperlinks Dritter, auf die wir im Rahmen unserer Internet-Homepage, inklusive aller Subdomains und Unterseiten, direkt oder indirekt verweisen (Hyperlinks) und machen uns deren Inhalte, Informationen, Produkte oder Dienstleistungen nicht zu eigen.<\/p>\n<p>Diese Erkl\u00e4rung gilt f\u00fcr alle im Rahmen unserer Internet-Homepage angebrachten Hyperlinks, inklusive aller Unterseiten und Subdomains, und f\u00fcr alle Inhalte, Informationen, Produkte oder Dienstleistungen der Webseiten, zu denen Hyperlinks oder Banner f\u00fchren. Sollten im Rahmen unserer Internet-Homepage Hyperlinks zu Inhalten Dritter f\u00fchren, die gegen geltendes Urheberrecht oder das Markengesetz verstossen, werden diese Hyperlinks auf Hinweis schnellstm\u00f6glich entfernt. Sollten im Rahmen unserer Internet-Homepage Hypelinks zu Internetangeboten mit extremistischen Schriften oder Inhalten, die im Sinne der \u00a7\u00a7 86, 131 StGB zum Rassenhass aufstacheln, Gewalt oder Krieg verharmlosen oder verherrlichen, f\u00fcr terroristische Vereinigungen werben, zu Straftaten auffordern und\/oder diskriminierenden, beleidigende oder ehrverletzende \u00c4usserungen enthalten; zu Internetangeboten mit pornografischen oder jugendgef\u00e4hrdenden Schriften und Inhalten im Sinne des \u00a7 184 StGB bzw. im Sinne der \u00a7\u00a7 1, 6, 21 GjS und\/oder zu Internetangeboten mit nichtgesetzeskonformen Inhalten f\u00fchren, die gegen nationales oder international geltendes Recht, sonstige Vorschriften oder gegen die guten Sitte oder Moral verstossen, informieren Sie uns bitte postalisch an oben genannt Anschrift, damit wir diese Hyperlinks schnellstm\u00f6glich aus unserem Informationsangebot entfernen k\u00f6nnen. Wir erkl\u00e4ren ausdr\u00fccklich, dass zum Zeitpunkt der Linksetzung die entsprechenden Web-Seiten frei von illegalen Inhalten waren. Aus der Aufnahme von Hyperlinks zu externen Webseiten in unser Informationsangebot kann nicht abgeleitet werden, dass eine gesellschaftsrechtliche Verbindung, ein Joint Venture, ein Agenturverh\u00e4ltnis, ein Franchising oder ein Vertreter- oder ein Besch\u00e4ftigungsverh\u00e4ltnis zwischen uns und dem Betreiber der gelinkten Internetseiten besteht.<\/p>\n<p>Alle genannten Warenzeichen, Marken und Logos, sowie sonstige urheberrechtlich und leistungsschutzrechtlich gesch\u00fctzten Inhalte sind Besitz ihrer jeweilig registrierten Eigent\u00fcmer, deren Rechte wir respektieren. Die Nennung von Warenzeichen, Marken und Logos, sowie sonstige urheberrechtlich und leistungsschutzrechtlich gesch\u00fctzten Inhalte dient ausschliesslich Erkennungszwecken und impliziert keine freie Verwendbarkeit. Sollten Teile oder einzelne Formulierungen dieses Textes dem geltenden deutschen Recht nicht, nicht mehr oder nicht vollst\u00e4ndig entsprechen, werden hierdurch die \u00fcbrigen Teile des Dokumentes in ihrem Inhalt und ihrer G\u00fcltigkeit nicht ber\u00fchrt. Die unwirksame Formulierung gilt als durch eine solche ersetzt, die dem Sinn und Zweck der unwirksamen Formulierung in rechtswirksamer Weise am n\u00e4chsten kommt.<\/p>\n<p>Bilder, Videos und alle anderen Daten dieser Homepage sind Eigentum der Radsportfreunde Duisdorf und d\u00fcrfen nicht in irgendeiner Weise kopiert werden.<\/p>\n","protected":false},"excerpt":{"rendered":"<p>Haftungshinweis Trotz sorgf\u00e4ltiger inhaltlicher Kontrolle \u00fcbernehmen wir keine Haftung f\u00fcr die Inhalte externer Hyperlinks, auf die wir im Rahmen unserer Internet-Homepage verweisen und schliessen jegliche Haftung oder M\u00e4ngelanspr\u00fcche in Bezug auf die Seiten Dritter aus. Gem\u00e4ss \u00a7 5 Abs.1 TDG sind wir ausschliesslich nur f\u00fcr die eigenen Inhalte verantwortlich. Von diesen eigenen Inhalten sind Querverweise [&hellip;]<\/p>\n","protected":false},"author":2,"featured_media":0,"parent":45,"menu_order":0,"comment_status":"closed","ping_status":"closed","template":"template-full.php","meta":{"footnotes":""},"class_list":["post-135","page","type-page","status-publish","hentry"],"_links":{"self":[{"href":"http:\/\/www.rsf-duisdorf.de\/index.php?rest_route=\/wp\/v2\/pages\/135","targetHints":{"allow":["GET"]}}],"collection":[{"href":"http:\/\/www.rsf-duisdorf.de\/index.php?rest_route=\/wp\/v2\/pages"}],"about":[{"href":"http:\/\/www.rsf-duisdorf.de\/index.php?rest_route=\/wp\/v2\/types\/page"}],"author":[{"embeddable":true,"href":"http:\/\/www.rsf-duisdorf.de\/index.php?rest_route=\/wp\/v2\/users\/2"}],"replies":[{"embeddable":true,"href":"http:\/\/www.rsf-duisdorf.de\/index.php?rest_route=%2Fwp%2Fv2%2Fcomments&post=135"}],"version-history":[{"count":0,"href":"http:\/\/www.rsf-duisdorf.de\/index.php?rest_route=\/wp\/v2\/pages\/135\/revisions"}],"up":[{"embeddable":true,"href":"http:\/\/www.rsf-duisdorf.de\/index.php?rest_route=\/wp\/v2\/pages\/45"}],"wp:attachment":[{"href":"http:\/\/www.rsf-duisdorf.de\/index.php?rest_route=%2Fwp%2Fv2%2Fmedia&parent=135"}],"curies":[{"name":"wp","href":"https:\/\/api.w.org\/{rel}","templated":true}]}}