{"id":1360,"date":"2018-11-01T14:26:35","date_gmt":"2018-11-01T14:26:35","guid":{"rendered":"http:\/\/www.rsf-duisdorf.de\/?page_id=1360"},"modified":"2018-11-01T15:45:17","modified_gmt":"2018-11-01T15:45:17","slug":"rueckblicke","status":"publish","type":"page","link":"http:\/\/www.rsf-duisdorf.de\/?page_id=1360","title":{"rendered":"R\u00fcckblicke"},"content":{"rendered":"<h5>Das Jahr 2018: Henny und Antonia zum Abschluss auf Platz 4 bei der DM \u2013 ein R\u00fcckblick auf die Wettk\u00e4mpfe der letzten Monate<\/h5>\n<p>Bei der Deutschen Hallenradsport-Meisterschaft 2018 in Neresheim\/Ostalbkreis am 20.\/21.Oktober haben Henny Kirst und Antonia B\u00e4rk im Zweier-Kunstradfahren nach einem dritten Platz in der Vorrunde (mit 118,40 Punkten) im abendlichen Finale mit 117,65 Punkten den vierten Platz erreicht.<\/p>\n<p>Die DM bildet den Abschluss der j\u00e4hrlichen Serie von bundesweiten Turnieren f\u00fcr die Qualifikation zur deutschen Meisterschaft und zur Weltmeisterschaft. Bei diesem Turnieren konnten Antonia und Henny in diesem Jahr sehr erfreuliche Ergebnisse feiern. F\u00fcr die Vereinsmitglieder und Unterst\u00fctzer, die nicht als Zuschauer bei den Wettk\u00e4mpfen der letzten Monate dabei sein konnten, wollen wir im Folgenden aus Duisdorfer Sicht \u00fcber die Wettk\u00e4mpfe berichten. Die vollst\u00e4ndigen Ergebnislisten sind unter http:\/\/www.hallenrad.de zu finden.<\/p>\n<p><a href=\"http:\/\/www.rsf-duisdorf.de\/wp-content\/uploads\/2018\/11\/1GM_Wendlingen.jpg\" target=\"_blank\" rel=\"noopener\"><img loading=\"lazy\" decoding=\"async\" class=\"alignleft wp-image-1369 size-medium\" src=\"http:\/\/www.rsf-duisdorf.de\/wp-content\/uploads\/2018\/11\/1GM_Wendlingen-200x300.jpg\" alt=\"\" width=\"200\" height=\"300\" srcset=\"http:\/\/www.rsf-duisdorf.de\/wp-content\/uploads\/2018\/11\/1GM_Wendlingen-200x300.jpg 200w, http:\/\/www.rsf-duisdorf.de\/wp-content\/uploads\/2018\/11\/1GM_Wendlingen-768x1152.jpg 768w, http:\/\/www.rsf-duisdorf.de\/wp-content\/uploads\/2018\/11\/1GM_Wendlingen-683x1024.jpg 683w, http:\/\/www.rsf-duisdorf.de\/wp-content\/uploads\/2018\/11\/1GM_Wendlingen.jpg 980w\" sizes=\"auto, (max-width: 200px) 100vw, 200px\" \/><\/a> Beim 1. German Masters Anfang September in Wendlingen haben Henny und Antonia in der Vorrunde mit einer hervorragenden Leistung 129,07 Punkte (bei eingereichten 135,60 Punkten) ausgefahren und damit ihre Bestleistung des Jahres 2017 gleich um 14 Punkte gesteigert. Das reichte f\u00fcr Platz 3 und damit erstmals die Teilnahme an der abendlichen Finalveranstaltung bei einem gro\u00dfen Turnier. Im Finale waren die beiden mutig und sind zum ersten Mal im Wettkampf den Kopfstand\/Handstand gefahren. Trotz eines Sturzes beim Schulterstand r\u00fcckw\u00e4rts haben sie mit 120,74 erneut die bisherige Bestleistung \u00fcbertroffen. Im Einer hat Henny mit 114,52 ebenfalls eine neue pers\u00f6nliche Bestleistung erzielt (Platz 28), w\u00e4hrend Antonia mit 132,82 den 23. Platz erreichte.<\/p>\n<p><a href=\"http:\/\/www.rsf-duisdorf.de\/wp-content\/uploads\/2018\/11\/1_GM_Wendlingen_Platz3-1.jpg\" target=\"_blank\" rel=\"noopener\"><img loading=\"lazy\" decoding=\"async\" class=\"alignright wp-image-1368 size-medium\" src=\"http:\/\/www.rsf-duisdorf.de\/wp-content\/uploads\/2018\/11\/1_GM_Wendlingen_Platz3-1-300x177.jpg\" alt=\"\" width=\"300\" height=\"177\" srcset=\"http:\/\/www.rsf-duisdorf.de\/wp-content\/uploads\/2018\/11\/1_GM_Wendlingen_Platz3-1-300x177.jpg 300w, http:\/\/www.rsf-duisdorf.de\/wp-content\/uploads\/2018\/11\/1_GM_Wendlingen_Platz3-1-768x452.jpg 768w, http:\/\/www.rsf-duisdorf.de\/wp-content\/uploads\/2018\/11\/1_GM_Wendlingen_Platz3-1.jpg 980w\" sizes=\"auto, (max-width: 300px) 100vw, 300px\" \/><\/a>Das 2. German Masters fand ganz in der N\u00e4he, n\u00e4mlich in R\u00f6srath, statt und wurde vom RV Blitz Hoffnungsthal sehr gut ausgerichtet. Hier reichte es im Zweier mit Platz 4 in der Vorrunde (120,61) nicht ganz f\u00fcr das Finale. Im Einer konnte Henny mit 112,50 den 19. Platz erreichen und Antonia mit 123,11 Platz 17.<\/p>\n<p><a href=\"http:\/\/www.rsf-duisdorf.de\/wp-content\/uploads\/2018\/11\/Gewinn_DCUP.jpg\" target=\"_blank\" rel=\"noopener\"><img loading=\"lazy\" decoding=\"async\" class=\"alignleft wp-image-1382\" src=\"http:\/\/www.rsf-duisdorf.de\/wp-content\/uploads\/2018\/11\/Gewinn_DCUP-300x200.jpg\" alt=\"\" width=\"305\" height=\"203\" srcset=\"http:\/\/www.rsf-duisdorf.de\/wp-content\/uploads\/2018\/11\/Gewinn_DCUP-300x200.jpg 300w, http:\/\/www.rsf-duisdorf.de\/wp-content\/uploads\/2018\/11\/Gewinn_DCUP-768x512.jpg 768w, http:\/\/www.rsf-duisdorf.de\/wp-content\/uploads\/2018\/11\/Gewinn_DCUP.jpg 980w\" sizes=\"auto, (max-width: 305px) 100vw, 305px\" \/><\/a>Ganz oben auf dem Siegerpodest standen Henny und Antonia dann am 30.9. beim Gewinn des Deutschland Cup in Lemgo mit 116,53 ausgefahrenen Punkten. Neben dem Pokal gab es die Teilnahme am Schaufahren in der Abendveranstaltung als Belohnung. Zuvor hatte Henny mit 114,34 wieder ein gutes Ergebnis im Einer erreicht (Platz 23). Antonia fuhr mit 136,96 Punkten auf den 10. Platz, der erstmals die Qualifikation f\u00fcr die Deutsche Meisterschaft auch im Einer bedeutete.<\/p>\n<p><a href=\"http:\/\/www.rsf-duisdorf.de\/wp-content\/uploads\/2018\/11\/3GM_Handstand.jpg\" target=\"_blank\" rel=\"noopener\"><img loading=\"lazy\" decoding=\"async\" class=\"wp-image-1370 size-medium alignright\" src=\"http:\/\/www.rsf-duisdorf.de\/wp-content\/uploads\/2018\/11\/3GM_Handstand-300x169.jpg\" alt=\"\" width=\"300\" height=\"169\" srcset=\"http:\/\/www.rsf-duisdorf.de\/wp-content\/uploads\/2018\/11\/3GM_Handstand-300x169.jpg 300w, http:\/\/www.rsf-duisdorf.de\/wp-content\/uploads\/2018\/11\/3GM_Handstand-768x432.jpg 768w, http:\/\/www.rsf-duisdorf.de\/wp-content\/uploads\/2018\/11\/3GM_Handstand.jpg 980w\" sizes=\"auto, (max-width: 300px) 100vw, 300px\" \/><\/a>Beim 3. German Masters in M\u00e4rkisch Buchholz in Brandenburg sollte es um Platz 3 in der German-Masters-Wertung gehen, aber wegen eines Trainingsunfalls beim Schulterstand am Freitagabend war an einen Start nicht mehr zu denken. Stattdessen verbrachte Henny drei Tage in der Spreewaldklinik in L\u00fcbben mit diversen Untersuchungen bis sie wieder einigerma\u00dfen laufen konnte und feststand, dass keine ernste Verletzung vorhanden war. Trotz des ausgefallenen Starts belegten sie in der German-Masters-Gesamtwertung den vierten Platz hinter den Vize-Europameisterinnen Caroline Wurth und Sophie Nattmann vom RSV Gutach, den Europameisterinnen Lena und Lisa Bringsken vom RCV B\u00f6hl-Iggelheim sowie Helen Vordermeier und Selina Marquardt von RV Oberjesingen.<\/p>\n<p><a href=\"http:\/\/www.rsf-duisdorf.de\/wp-content\/uploads\/2018\/11\/3GM_Steigerr\u00fcck.jpg\" target=\"_blank\" rel=\"noopener\"><img loading=\"lazy\" decoding=\"async\" class=\"alignleft wp-image-1372 size-medium\" src=\"http:\/\/www.rsf-duisdorf.de\/wp-content\/uploads\/2018\/11\/3GM_Steigerr\u00fcck-200x300.jpg\" alt=\"\" width=\"200\" height=\"300\" srcset=\"http:\/\/www.rsf-duisdorf.de\/wp-content\/uploads\/2018\/11\/3GM_Steigerr\u00fcck-200x300.jpg 200w, http:\/\/www.rsf-duisdorf.de\/wp-content\/uploads\/2018\/11\/3GM_Steigerr\u00fcck-768x1152.jpg 768w, http:\/\/www.rsf-duisdorf.de\/wp-content\/uploads\/2018\/11\/3GM_Steigerr\u00fcck-683x1024.jpg 683w, http:\/\/www.rsf-duisdorf.de\/wp-content\/uploads\/2018\/11\/3GM_Steigerr\u00fcck.jpg 980w\" sizes=\"auto, (max-width: 200px) 100vw, 200px\" \/><\/a><a href=\"http:\/\/www.rsf-duisdorf.de\/wp-content\/uploads\/2018\/11\/3GM_Kopf.jpg\" target=\"_blank\" rel=\"noopener\"><img loading=\"lazy\" decoding=\"async\" class=\"alignright wp-image-1371 size-medium\" src=\"http:\/\/www.rsf-duisdorf.de\/wp-content\/uploads\/2018\/11\/3GM_Kopf-200x300.jpg\" alt=\"\" width=\"200\" height=\"300\" srcset=\"http:\/\/www.rsf-duisdorf.de\/wp-content\/uploads\/2018\/11\/3GM_Kopf-200x300.jpg 200w, http:\/\/www.rsf-duisdorf.de\/wp-content\/uploads\/2018\/11\/3GM_Kopf-768x1152.jpg 768w, http:\/\/www.rsf-duisdorf.de\/wp-content\/uploads\/2018\/11\/3GM_Kopf-683x1024.jpg 683w, http:\/\/www.rsf-duisdorf.de\/wp-content\/uploads\/2018\/11\/3GM_Kopf.jpg 980w\" sizes=\"auto, (max-width: 200px) 100vw, 200px\" \/><\/a>Antonia unterbrach ihre Anwesenheit bei Henny im Krankenhaus am Samstagnachmittag f\u00fcr ihren Start im Einer, bei dem sie mit 146,29 Punkten eine neue Bestleistung und Platz 11 erreichte.<br \/>\nBis Montagabend waren die Entlassung aus dem Krankenhaus und die Heimreise erreicht, aber die Teilnahme an der DM in Neresheim 10 Tage sp\u00e4ter schien noch sehr unsicher. Eine Woche sp\u00e4ter gab es Hoffnung: es konnte wieder trainiert werden.<\/p>\n<p>In Neresheim bei Aalen fand dann vom 19. bis 21. Oktober die bestens organisierte Deutsche Meisterschaft in einer recht engen Halle statt, was aber der guten Stimmung keinen Abbruch tat. Durch die Radpolo- und Radballspiele und die lautstarke Unterst\u00fctzung dabei ist die DM ein ganz anderes Turnier als die vorherigen.<\/p>\n<div data-carousel-extra='{\"blog_id\":1,\"permalink\":\"http:\\\/\\\/www.rsf-duisdorf.de\\\/?page_id=1360\"}' class=\"tiled-gallery type-rectangular\" data-original-width=\"1200\"><div class=\"gallery-row\" style=\"width: 1195px; height: 274px;\"><div class=\"gallery-group images-1\" style=\"width: 187px; height: 278px;\"><div class=\"tiled-gallery-item tiled-gallery-item-small\"><a href=\"http:\/\/www.rsf-duisdorf.de\/wp-content\/uploads\/2018\/11\/Drehung.jpg\"><img loading=\"lazy\" decoding=\"async\" data-attachment-id=\"1381\" data-orig-file=\"http:\/\/www.rsf-duisdorf.de\/wp-content\/uploads\/2018\/11\/Drehung.jpg\" data-orig-size=\"980,1470\" data-comments-opened=\"0\" data-image-meta=\"{&quot;aperture&quot;:&quot;0&quot;,&quot;credit&quot;:&quot;&quot;,&quot;camera&quot;:&quot;&quot;,&quot;caption&quot;:&quot;&quot;,&quot;created_timestamp&quot;:&quot;0&quot;,&quot;copyright&quot;:&quot;&quot;,&quot;focal_length&quot;:&quot;0&quot;,&quot;iso&quot;:&quot;0&quot;,&quot;shutter_speed&quot;:&quot;0&quot;,&quot;title&quot;:&quot;&quot;,&quot;orientation&quot;:&quot;0&quot;}\" data-image-title=\"Drehung\" data-image-description=\"\" data-medium-file=\"http:\/\/www.rsf-duisdorf.de\/wp-content\/uploads\/2018\/11\/Drehung-200x300.jpg\" data-large-file=\"http:\/\/www.rsf-duisdorf.de\/wp-content\/uploads\/2018\/11\/Drehung-683x1024.jpg\" src=\"http:\/\/www.rsf-duisdorf.de\/wp-content\/uploads\/2018\/11\/Drehung-183x274.jpg\" width=\"183\" height=\"274\" align=\"left\" title=\"Drehung\" \/><\/a><\/div><\/div><div class=\"gallery-group images-1\" style=\"width: 401px; height: 278px;\"><div class=\"tiled-gallery-item tiled-gallery-item-large\"><a href=\"http:\/\/www.rsf-duisdorf.de\/wp-content\/uploads\/2018\/11\/DM_Finale.jpg\"><img loading=\"lazy\" decoding=\"async\" data-attachment-id=\"1376\" data-orig-file=\"http:\/\/www.rsf-duisdorf.de\/wp-content\/uploads\/2018\/11\/DM_Finale.jpg\" data-orig-size=\"980,676\" data-comments-opened=\"0\" data-image-meta=\"{&quot;aperture&quot;:&quot;0&quot;,&quot;credit&quot;:&quot;&quot;,&quot;camera&quot;:&quot;&quot;,&quot;caption&quot;:&quot;&quot;,&quot;created_timestamp&quot;:&quot;0&quot;,&quot;copyright&quot;:&quot;&quot;,&quot;focal_length&quot;:&quot;0&quot;,&quot;iso&quot;:&quot;0&quot;,&quot;shutter_speed&quot;:&quot;0&quot;,&quot;title&quot;:&quot;&quot;,&quot;orientation&quot;:&quot;0&quot;}\" data-image-title=\"DM_Finale\" data-image-description=\"\" data-medium-file=\"http:\/\/www.rsf-duisdorf.de\/wp-content\/uploads\/2018\/11\/DM_Finale-300x207.jpg\" data-large-file=\"http:\/\/www.rsf-duisdorf.de\/wp-content\/uploads\/2018\/11\/DM_Finale.jpg\" src=\"http:\/\/www.rsf-duisdorf.de\/wp-content\/uploads\/2018\/11\/DM_Finale-397x274.jpg\" width=\"397\" height=\"274\" align=\"left\" title=\"DM_Finale\" \/><\/a><\/div><\/div><div class=\"gallery-group images-1\" style=\"width: 187px; height: 278px;\"><div class=\"tiled-gallery-item tiled-gallery-item-small\"><a href=\"http:\/\/www.rsf-duisdorf.de\/wp-content\/uploads\/2018\/11\/R\u00e4der_Plakat.jpg\"><img loading=\"lazy\" decoding=\"async\" data-attachment-id=\"1384\" data-orig-file=\"http:\/\/www.rsf-duisdorf.de\/wp-content\/uploads\/2018\/11\/R\u00e4der_Plakat.jpg\" data-orig-size=\"980,1470\" data-comments-opened=\"0\" data-image-meta=\"{&quot;aperture&quot;:&quot;0&quot;,&quot;credit&quot;:&quot;&quot;,&quot;camera&quot;:&quot;&quot;,&quot;caption&quot;:&quot;&quot;,&quot;created_timestamp&quot;:&quot;0&quot;,&quot;copyright&quot;:&quot;&quot;,&quot;focal_length&quot;:&quot;0&quot;,&quot;iso&quot;:&quot;0&quot;,&quot;shutter_speed&quot;:&quot;0&quot;,&quot;title&quot;:&quot;&quot;,&quot;orientation&quot;:&quot;0&quot;}\" data-image-title=\"R\u00e4der_Plakat\" data-image-description=\"\" data-medium-file=\"http:\/\/www.rsf-duisdorf.de\/wp-content\/uploads\/2018\/11\/R\u00e4der_Plakat-200x300.jpg\" data-large-file=\"http:\/\/www.rsf-duisdorf.de\/wp-content\/uploads\/2018\/11\/R\u00e4der_Plakat-683x1024.jpg\" src=\"http:\/\/www.rsf-duisdorf.de\/wp-content\/uploads\/2018\/11\/R\u00e4der_Plakat-183x274.jpg\" width=\"183\" height=\"274\" align=\"left\" title=\"R\u00e4der_Plakat\" \/><\/a><\/div><\/div><div class=\"gallery-group images-1\" style=\"width: 225px; height: 278px;\"><div class=\"tiled-gallery-item tiled-gallery-item-small\"><a href=\"http:\/\/www.rsf-duisdorf.de\/wp-content\/uploads\/2018\/11\/DM_Neresheim-38.jpg\"><img loading=\"lazy\" decoding=\"async\" data-attachment-id=\"1378\" data-orig-file=\"http:\/\/www.rsf-duisdorf.de\/wp-content\/uploads\/2018\/11\/DM_Neresheim-38.jpg\" data-orig-size=\"980,1215\" data-comments-opened=\"0\" data-image-meta=\"{&quot;aperture&quot;:&quot;0&quot;,&quot;credit&quot;:&quot;&quot;,&quot;camera&quot;:&quot;&quot;,&quot;caption&quot;:&quot;&quot;,&quot;created_timestamp&quot;:&quot;0&quot;,&quot;copyright&quot;:&quot;&quot;,&quot;focal_length&quot;:&quot;0&quot;,&quot;iso&quot;:&quot;0&quot;,&quot;shutter_speed&quot;:&quot;0&quot;,&quot;title&quot;:&quot;&quot;,&quot;orientation&quot;:&quot;0&quot;}\" data-image-title=\"DM_Neresheim-38\" data-image-description=\"\" data-medium-file=\"http:\/\/www.rsf-duisdorf.de\/wp-content\/uploads\/2018\/11\/DM_Neresheim-38-242x300.jpg\" data-large-file=\"http:\/\/www.rsf-duisdorf.de\/wp-content\/uploads\/2018\/11\/DM_Neresheim-38-826x1024.jpg\" src=\"http:\/\/www.rsf-duisdorf.de\/wp-content\/uploads\/2018\/11\/DM_Neresheim-38-221x274.jpg\" width=\"221\" height=\"274\" align=\"left\" title=\"DM_Neresheim-38\" \/><\/a><\/div><\/div><div class=\"gallery-group images-1\" style=\"width: 195px; height: 278px;\"><div class=\"tiled-gallery-item tiled-gallery-item-small\"><a href=\"http:\/\/www.rsf-duisdorf.de\/wp-content\/uploads\/2018\/11\/DM_Neresheim-14.jpg\"><img loading=\"lazy\" decoding=\"async\" data-attachment-id=\"1377\" data-orig-file=\"http:\/\/www.rsf-duisdorf.de\/wp-content\/uploads\/2018\/11\/DM_Neresheim-14.jpg\" data-orig-size=\"980,1406\" data-comments-opened=\"0\" data-image-meta=\"{&quot;aperture&quot;:&quot;0&quot;,&quot;credit&quot;:&quot;&quot;,&quot;camera&quot;:&quot;&quot;,&quot;caption&quot;:&quot;&quot;,&quot;created_timestamp&quot;:&quot;0&quot;,&quot;copyright&quot;:&quot;&quot;,&quot;focal_length&quot;:&quot;0&quot;,&quot;iso&quot;:&quot;0&quot;,&quot;shutter_speed&quot;:&quot;0&quot;,&quot;title&quot;:&quot;&quot;,&quot;orientation&quot;:&quot;0&quot;}\" data-image-title=\"DM_Neresheim-14\" data-image-description=\"\" data-medium-file=\"http:\/\/www.rsf-duisdorf.de\/wp-content\/uploads\/2018\/11\/DM_Neresheim-14-209x300.jpg\" data-large-file=\"http:\/\/www.rsf-duisdorf.de\/wp-content\/uploads\/2018\/11\/DM_Neresheim-14-714x1024.jpg\" src=\"http:\/\/www.rsf-duisdorf.de\/wp-content\/uploads\/2018\/11\/DM_Neresheim-14-191x274.jpg\" width=\"191\" height=\"274\" align=\"left\" title=\"DM_Neresheim-14\" \/><\/a><\/div><\/div><\/div><\/div>\n<p>&nbsp;<\/p>\n<p>Samstagnachmittag schafften Henny und Antonia in der Vorrunde mit dem dritten Platz die Qualifikation f\u00fcr das Finale der besten Vier am Abend. Dort fuhren Helen und Selina mit einer tollen K\u00fcr auf den dritten Platz, so dass mit dem 4. Platz die Reihenfolge am Ende dieselbe war wie in der German-Masters-Gesamtwertung.<\/p>\n<p><a href=\"http:\/\/www.rsf-duisdorf.de\/wp-content\/uploads\/2018\/11\/Standsteiger.jpg\" target=\"_blank\" rel=\"noopener\"><img loading=\"lazy\" decoding=\"async\" class=\"alignleft wp-image-1385 size-medium\" src=\"http:\/\/www.rsf-duisdorf.de\/wp-content\/uploads\/2018\/11\/Standsteiger-200x300.jpg\" alt=\"\" width=\"200\" height=\"300\" srcset=\"http:\/\/www.rsf-duisdorf.de\/wp-content\/uploads\/2018\/11\/Standsteiger-200x300.jpg 200w, http:\/\/www.rsf-duisdorf.de\/wp-content\/uploads\/2018\/11\/Standsteiger-768x1152.jpg 768w, http:\/\/www.rsf-duisdorf.de\/wp-content\/uploads\/2018\/11\/Standsteiger-683x1024.jpg 683w, http:\/\/www.rsf-duisdorf.de\/wp-content\/uploads\/2018\/11\/Standsteiger.jpg 980w\" sizes=\"auto, (max-width: 200px) 100vw, 200px\" \/><\/a><a href=\"http:\/\/www.rsf-duisdorf.de\/wp-content\/uploads\/2018\/11\/Henny-1.jpg\" target=\"_blank\" rel=\"noopener\"><img loading=\"lazy\" decoding=\"async\" class=\"alignright wp-image-1383 size-medium\" src=\"http:\/\/www.rsf-duisdorf.de\/wp-content\/uploads\/2018\/11\/Henny-1-300x199.jpg\" alt=\"\" width=\"300\" height=\"199\" srcset=\"http:\/\/www.rsf-duisdorf.de\/wp-content\/uploads\/2018\/11\/Henny-1-300x199.jpg 300w, http:\/\/www.rsf-duisdorf.de\/wp-content\/uploads\/2018\/11\/Henny-1-768x509.jpg 768w, http:\/\/www.rsf-duisdorf.de\/wp-content\/uploads\/2018\/11\/Henny-1.jpg 980w\" sizes=\"auto, (max-width: 300px) 100vw, 300px\" \/><\/a>Die tollen Ergebnisse der Saison und die \u00fcberstandene Verletzung w\u00e4ren eigentlich Grund zum ausgiebigen Feiern gewesen, aber das Feiern am Samstagabend fiel etwas k\u00fcrzer aus, weil Antonia am n\u00e4chsten Morgen um 7 Uhr auf der Trainingsfl\u00e4che sein musste und um 8 Uhr als erste von 16 Starterinnen im Einer in der noch gut gek\u00fchlten Halle ihren Einsatz hatte. Dort gab es fast wieder eine Bestleistung mit 144,15 ausgefahrenen Punkten. Damit belegte Antonia Platz 12.<\/p>\n<p>Herzlichen Gl\u00fcckwunsch an Henny und Antonia und an Julia als Trainerin aus der Ferne und Coach in der Halle zu dieser tollen Saison.<br \/>\nUnd ganz herzlicher Dank gilt auch allen, die die beiden Sportlerinnen mit vielen guten Ratschl\u00e4gen, mit Fahrrad-Reparaturen, mit Trainingsm\u00f6glichkeiten und nicht zuletzt mit medizinischer Versorgung unterst\u00fctzt haben.<\/p>\n<div data-carousel-extra='{\"blog_id\":1,\"permalink\":\"http:\\\/\\\/www.rsf-duisdorf.de\\\/?page_id=1360\"}' class=\"tiled-gallery type-rectangular\" data-original-width=\"1200\"><div class=\"gallery-row\" style=\"width: 1195px; height: 431px;\"><div class=\"gallery-group images-1\" style=\"width: 288px; height: 435px;\"><div class=\"tiled-gallery-item tiled-gallery-item-large\"><a href=\"http:\/\/www.rsf-duisdorf.de\/wp-content\/uploads\/2018\/11\/DM_Schulterstand.jpg\"><img loading=\"lazy\" decoding=\"async\" data-attachment-id=\"1380\" data-orig-file=\"http:\/\/www.rsf-duisdorf.de\/wp-content\/uploads\/2018\/11\/DM_Schulterstand.jpg\" data-orig-size=\"980,1485\" data-comments-opened=\"0\" data-image-meta=\"{&quot;aperture&quot;:&quot;0&quot;,&quot;credit&quot;:&quot;&quot;,&quot;camera&quot;:&quot;&quot;,&quot;caption&quot;:&quot;&quot;,&quot;created_timestamp&quot;:&quot;0&quot;,&quot;copyright&quot;:&quot;&quot;,&quot;focal_length&quot;:&quot;0&quot;,&quot;iso&quot;:&quot;0&quot;,&quot;shutter_speed&quot;:&quot;0&quot;,&quot;title&quot;:&quot;&quot;,&quot;orientation&quot;:&quot;0&quot;}\" data-image-title=\"DM_Schulterstand\" data-image-description=\"\" data-medium-file=\"http:\/\/www.rsf-duisdorf.de\/wp-content\/uploads\/2018\/11\/DM_Schulterstand-198x300.jpg\" data-large-file=\"http:\/\/www.rsf-duisdorf.de\/wp-content\/uploads\/2018\/11\/DM_Schulterstand-676x1024.jpg\" src=\"http:\/\/www.rsf-duisdorf.de\/wp-content\/uploads\/2018\/11\/DM_Schulterstand-284x431.jpg\" width=\"284\" height=\"431\" align=\"left\" title=\"DM_Schulterstand\" \/><\/a><\/div><\/div><div class=\"gallery-group images-1\" style=\"width: 616px; height: 435px;\"><div class=\"tiled-gallery-item tiled-gallery-item-large\"><a href=\"http:\/\/www.rsf-duisdorf.de\/wp-content\/uploads\/2018\/11\/Antonia-1.jpg\"><img loading=\"lazy\" decoding=\"async\" data-attachment-id=\"1373\" data-orig-file=\"http:\/\/www.rsf-duisdorf.de\/wp-content\/uploads\/2018\/11\/Antonia-1.jpg\" data-orig-size=\"980,690\" data-comments-opened=\"0\" data-image-meta=\"{&quot;aperture&quot;:&quot;0&quot;,&quot;credit&quot;:&quot;&quot;,&quot;camera&quot;:&quot;&quot;,&quot;caption&quot;:&quot;&quot;,&quot;created_timestamp&quot;:&quot;0&quot;,&quot;copyright&quot;:&quot;&quot;,&quot;focal_length&quot;:&quot;0&quot;,&quot;iso&quot;:&quot;0&quot;,&quot;shutter_speed&quot;:&quot;0&quot;,&quot;title&quot;:&quot;&quot;,&quot;orientation&quot;:&quot;0&quot;}\" data-image-title=\"Antonia-1\" data-image-description=\"\" data-medium-file=\"http:\/\/www.rsf-duisdorf.de\/wp-content\/uploads\/2018\/11\/Antonia-1-300x211.jpg\" data-large-file=\"http:\/\/www.rsf-duisdorf.de\/wp-content\/uploads\/2018\/11\/Antonia-1.jpg\" src=\"http:\/\/www.rsf-duisdorf.de\/wp-content\/uploads\/2018\/11\/Antonia-1-612x431.jpg\" width=\"612\" height=\"431\" align=\"left\" title=\"Antonia-1\" \/><\/a><\/div><\/div><div class=\"gallery-group images-1\" style=\"width: 291px; height: 435px;\"><div class=\"tiled-gallery-item tiled-gallery-item-large\"><a href=\"http:\/\/www.rsf-duisdorf.de\/wp-content\/uploads\/2018\/11\/DCup_Antonia.jpg\"><img loading=\"lazy\" decoding=\"async\" data-attachment-id=\"1374\" data-orig-file=\"http:\/\/www.rsf-duisdorf.de\/wp-content\/uploads\/2018\/11\/DCup_Antonia.jpg\" data-orig-size=\"980,1470\" data-comments-opened=\"0\" data-image-meta=\"{&quot;aperture&quot;:&quot;0&quot;,&quot;credit&quot;:&quot;&quot;,&quot;camera&quot;:&quot;&quot;,&quot;caption&quot;:&quot;&quot;,&quot;created_timestamp&quot;:&quot;0&quot;,&quot;copyright&quot;:&quot;&quot;,&quot;focal_length&quot;:&quot;0&quot;,&quot;iso&quot;:&quot;0&quot;,&quot;shutter_speed&quot;:&quot;0&quot;,&quot;title&quot;:&quot;&quot;,&quot;orientation&quot;:&quot;0&quot;}\" data-image-title=\"DCup_Antonia\" data-image-description=\"\" data-medium-file=\"http:\/\/www.rsf-duisdorf.de\/wp-content\/uploads\/2018\/11\/DCup_Antonia-200x300.jpg\" data-large-file=\"http:\/\/www.rsf-duisdorf.de\/wp-content\/uploads\/2018\/11\/DCup_Antonia-683x1024.jpg\" src=\"http:\/\/www.rsf-duisdorf.de\/wp-content\/uploads\/2018\/11\/DCup_Antonia-287x431.jpg\" width=\"287\" height=\"431\" align=\"left\" title=\"DCup_Antonia\" \/><\/a><\/div><\/div><\/div><div class=\"gallery-row\" style=\"width: 1195px; height: 794px;\"><div class=\"gallery-group images-1\" style=\"width: 1195px; height: 798px;\"><div class=\"tiled-gallery-item tiled-gallery-item-large\"><a href=\"http:\/\/www.rsf-duisdorf.de\/wp-content\/uploads\/2018\/11\/DCup_mit_Julia.jpg\"><img loading=\"lazy\" decoding=\"async\" data-attachment-id=\"1375\" data-orig-file=\"http:\/\/www.rsf-duisdorf.de\/wp-content\/uploads\/2018\/11\/DCup_mit_Julia.jpg\" data-orig-size=\"980,653\" data-comments-opened=\"0\" data-image-meta=\"{&quot;aperture&quot;:&quot;0&quot;,&quot;credit&quot;:&quot;&quot;,&quot;camera&quot;:&quot;&quot;,&quot;caption&quot;:&quot;&quot;,&quot;created_timestamp&quot;:&quot;0&quot;,&quot;copyright&quot;:&quot;&quot;,&quot;focal_length&quot;:&quot;0&quot;,&quot;iso&quot;:&quot;0&quot;,&quot;shutter_speed&quot;:&quot;0&quot;,&quot;title&quot;:&quot;&quot;,&quot;orientation&quot;:&quot;0&quot;}\" data-image-title=\"DCup_mit_Julia\" data-image-description=\"\" data-medium-file=\"http:\/\/www.rsf-duisdorf.de\/wp-content\/uploads\/2018\/11\/DCup_mit_Julia-300x200.jpg\" data-large-file=\"http:\/\/www.rsf-duisdorf.de\/wp-content\/uploads\/2018\/11\/DCup_mit_Julia.jpg\" src=\"http:\/\/www.rsf-duisdorf.de\/wp-content\/uploads\/2018\/11\/DCup_mit_Julia.jpg\" width=\"1191\" height=\"794\" align=\"left\" title=\"DCup_mit_Julia\" \/><\/a><\/div><\/div><\/div><\/div>\n","protected":false},"excerpt":{"rendered":"<p>Das Jahr 2018: Henny und Antonia zum Abschluss auf Platz 4 bei der DM \u2013 ein R\u00fcckblick auf die Wettk\u00e4mpfe der letzten Monate Bei der Deutschen Hallenradsport-Meisterschaft 2018 in Neresheim\/Ostalbkreis am 20.\/21.Oktober haben Henny Kirst und Antonia B\u00e4rk im Zweier-Kunstradfahren nach einem dritten Platz in der Vorrunde (mit 118,40 Punkten) im abendlichen Finale mit 117,65 [&hellip;]<\/p>\n","protected":false},"author":2,"featured_media":0,"parent":0,"menu_order":0,"comment_status":"closed","ping_status":"closed","template":"","meta":{"footnotes":""},"class_list":["post-1360","page","type-page","status-publish","hentry"],"_links":{"self":[{"href":"http:\/\/www.rsf-duisdorf.de\/index.php?rest_route=\/wp\/v2\/pages\/1360","targetHints":{"allow":["GET"]}}],"collection":[{"href":"http:\/\/www.rsf-duisdorf.de\/index.php?rest_route=\/wp\/v2\/pages"}],"about":[{"href":"http:\/\/www.rsf-duisdorf.de\/index.php?rest_route=\/wp\/v2\/types\/page"}],"author":[{"embeddable":true,"href":"http:\/\/www.rsf-duisdorf.de\/index.php?rest_route=\/wp\/v2\/users\/2"}],"replies":[{"embeddable":true,"href":"http:\/\/www.rsf-duisdorf.de\/index.php?rest_route=%2Fwp%2Fv2%2Fcomments&post=1360"}],"version-history":[{"count":34,"href":"http:\/\/www.rsf-duisdorf.de\/index.php?rest_route=\/wp\/v2\/pages\/1360\/revisions"}],"predecessor-version":[{"id":1414,"href":"http:\/\/www.rsf-duisdorf.de\/index.php?rest_route=\/wp\/v2\/pages\/1360\/revisions\/1414"}],"wp:attachment":[{"href":"http:\/\/www.rsf-duisdorf.de\/index.php?rest_route=%2Fwp%2Fv2%2Fmedia&parent=1360"}],"curies":[{"name":"wp","href":"https:\/\/api.w.org\/{rel}","templated":true}]}}