{"id":85,"date":"2016-03-12T23:51:45","date_gmt":"2016-03-12T21:51:45","guid":{"rendered":"https:\/\/rsfduisdorf.wordpress.com\/?page_id=85"},"modified":"2026-03-23T11:27:58","modified_gmt":"2026-03-23T11:27:58","slug":"der-verein-2","status":"publish","type":"page","link":"http:\/\/www.rsf-duisdorf.de\/?page_id=85","title":{"rendered":"Der Verein"},"content":{"rendered":"\n<h3 class=\"wp-block-heading\"><strong>Die Geschichte<\/strong><\/h3>\n\n\n\n<p>Die Entstehungsgeschichte der Radsportfreunde 1936 e.V. Bonn-Duisdorf ist eng mit dem damaligen Radfahrverein Komet Duisdorf verbunden.<br>Leider liegen uns kriegsbedingt keinerlei Dokumentationen aus der Zeit bis 1949 mehr vor.<\/p>\n\n\n\n<p>Die Vereinsgr\u00fcnder waren Josef Nettekoven, Josef Fassbender, Michael Fassbender, Willi Brack, Peter J\u00e4b, Peter Br\u00e4utigam und Peter Schurz. Zum ersten Vorsitzenden wurde Josef Nettekoven gew\u00e4hlt.<br> Der erste Trainer war Willi Sodoge, damaliger Bezirkstrainer aus Bonn-Kessenich. Gruppenfahren, Reigen, Kunstradfahren und Radball waren die Wettkampf-Disziplinen.<br> Weitere Vereinsvorsitzende waren: Josef Stuch (1949\u20131950), Josef Nettekoven (1951\u20131954), Hans Sch\u00f6neseifen (1955), Heinrich G\u00f6rtz (1956\u20131960), Josef Deuster (1961\u20131967), Johannes Bongartz (1968\u20131977).&nbsp; Eduard Franke (1978-2011), Heinz Nirwing (2012-2018). Seit 2018 Bernd Vianden.<br> Herausragende Mitglieder waren bzw. sind: Max Sodoge, Wilhelm und Peter Knippling, Philipp Gummersbach, Willi Broch und Toni Mai.<\/p>\n\n\n\n<p>Viele Jahre hat der Verein gro\u00dfartige Sportler hervorgebracht. Insbesondere Namen wie Josef Stuch, Peter Monschau, Jacky Weinreis und Heinz Landsch sind fest mit der Vereinsgeschichte verkn\u00fcpft.<br>\nZwischen 1955 und 1972 waren Peter Monschau und Jacky Weinreis auf nationale und internationale Meisterschaften abonniert. Seit 2018 fahren Henny Kirst und Antonia B\u00e4rk im Einer und Zweier auf nationalen und internationalen Meisterschaften und waren 2021 deutsche Vizemeisterinnen und sind amtierende Vize-Europameisterinnen.<\/p>\n\n\n\n<p>In den Jahren 1961 bis 1962 wurden im Rahmen des 25-j\u00e4hrigen Vereinsjubil\u00e4ums zwei internationale Saalturniere in der neuen Duisdorfer Sporthalle ausgerichtet. Sportler aus dem europ\u00e4ischen Ausland waren am Start. Das Zweite Deutsche Fernsehen berichtete von dieser Veranstaltung.<\/p>\n\n\n\n<p>Seit 1967 gibt es j\u00e4hrlich die traditionelle Radwanderfahrt f\u00fcr jedermann. Dabei ist viel Spa\u00df f\u00fcr alle angesagt.<\/p>\n\n\n\n<p>Heinz Landsch \u00fcbernahm 1970 das Training von Josef Stuch. 1986 \u00fcbernahm Alfred Mertens als Sportlicher Leiter und Trainer die Abteilung Kunstradsport bis 2011. Unter seiner Leitung folgten als Trainer Wilfried Schott (1986 bis 1993) und die Deutsche Jugendmeisterin im 2er Kunstradfahren Britta Puschmann (1994 bis 2005).<\/p>\n\n\n\n<p>Von 2002 bis 2018 war als Trainer und Stellvertreter des Sportlichen Leiters der ehemalige Duisdorfer Kunstradfahrer Hans-Werner Melder t\u00e4tig. Seit 2018 leitet Christina Vianden das Training, seit 2021 gemeinsam mit Henny Kirst.<\/p>\n\n\n\n<p>1986 feierte der Verein sein 50-j\u00e4hriges Bestehen \u201e50 Jahre Radsport in Duisdorf\u201c. H\u00f6hepunkt des Festes war der Hallenradsport-L\u00e4nderkampf Deutschland (BRD) gegen Tschechoslowakei (CSSR). Top-Sportler aus beiden L\u00e4ndern waren am Start.<\/p>\n\n\n\n<p>1991 folgte die Eintragung ins Vereinsregister.<\/p>\n\n\n\n<p>Ein L\u00e4nderkampf mit Kunstradsport und Radball wurde im Jahre 1996 beim 60-j\u00e4hrigen Vereinsjubil\u00e4um gegen Belgien ausgerichtet, ein weiterer L\u00e4nderkampf im Kunstradsport und Radball 2017.<\/p>\n\n\n\n<p>Beginn der 90er Jahre hat sich dem Verein eine Radtouristikgruppe angeschlossen. Sie nahm regelm\u00e4\u00dfig an Wertungsfahrten des BDR teil. Eine Freizeitsportgruppe f\u00fcr Herren hat der Radsportverein ebenfalls im Programm.<\/p>\n\n\n\n<h3 class=\"wp-block-heading\"><strong>Der Vorstand<\/strong><\/h3>\n\n\n\n<p>1. Vorsitzender: Bernd Vianden<br> 2. Vorsitzender: Thomas Proschek<br> Schriftf\u00fchrer: Berthold B\u00e4rk<br> Kassiererin u. Gesch\u00e4ftsf\u00fchrerin: Daniela Warok<br> 2. Kassierer: Peter Gediga<br> Beisitzer:\u00a0 Rolf Kirst, Christian Grips, Christopher Klima<br> Sportliche Leiterin: Christina Vianden<br> Pressewartin: Helen Eickmeier-H\u00fcller<br> Jugendwartin:\u00a0 N.N.<br> Trainer: Christina Vianden, Thomas Schenkel, Henny Kirst, Samantha Gummersbach<br> Ehrenratsvorsitzender: Peter Monschau<\/p>\n\n\n\n<h3 class=\"wp-block-heading\">Internationale Titel und Erfolge<\/h3>\n\n\n\n<p><strong>Peter Monschau und Jacky Weinreis im 2er Kunstradfahren bei Europameisterschaften<\/strong><\/p>\n\n\n\n<p>1959 in Stuttgart <b>Gold<\/b><br>\n1960 in M\u00fchlhausen <b>Gold<\/b><br>\n1961 in St. Gallen<b> Silber<\/b><br>\n1962 in Wien <b>Bronze<\/b><br>\n1964 in Kopenhagen<b> Gold<\/b><br>\n1965 in Prag <b>Gold<\/b><br>\n1966 in K\u00f6ln<b> Gold<\/b><br>\n1967 in Baden <b>Gold<\/b><br>\n1968 in Kassel<b> Silber<\/b><br>\n1969 in Erfurt <b>Bronze<\/b><br>\n1970 in Ostrava <b>Silber<\/b><br>\n1971 in Baden<b> Silber<\/b><br>\n1972 in Offenburg<b> Gold<\/b><\/p>\n\n\n\n<p>Anmerkung zu den Hallenradsport-Titelk\u00e4mpfen: Bis 1969 Europakriterium, ab 1970&nbsp; Europameisterschaften, seit 1986 Weltmeisterschaften.<\/p>\n\n\n\n<p><strong>Henny Kirst und Antonia B\u00e4rk im 2er Kunstradfahren<\/strong><\/p>\n\n\n\n<p>2022 1. WeltCup 2022 in Komarno\/Slowakei&nbsp; <strong>1. Platz<\/strong><br>2022 Europameisterschaft in Nyiregyhaza\/Ungarn&nbsp; &nbsp;<strong>Silber<\/strong><br>2024 1. WeltCup 2024 in Tarquinia\/Italien&nbsp; <strong>1. Platz<\/strong><br>2024 2. WeltCup 2024 in Hohenems\/\u00d6sterreich <strong>4. Platz<\/strong><br>2024 Weltmeisterschaft in Bremen <strong>Gold<\/strong><br>2024 4. WeltCup 2024 in Oberb\u00fcren\/Schweiz <strong>1. Platz<\/strong>, <strong>Platz 2<\/strong> in der Gesamtwertung<br>2024 UCI-Rangliste <strong>1. Platz<\/strong><br>2025 1. WeltCup 2025 in Prag <strong>1. Platz<\/strong><br>2025 2. WeltCup 2025 in Langenselbold <strong>1. Platz<\/strong><br>2025 3. WeltCup 2025 in Puteaux \/ Paris <strong>1. Platz<\/strong><br>2025 Weltmeisterschaft in G\u00f6ppingen <strong>Gold<\/strong><br>2025 4. WeltCup 2025 in \u00d6schelbronn <strong>1. Platz<\/strong><br>2025 WeltCup Gesamtwertung<strong> 1. Platz<\/strong><br>2025 UCI-Rangliste <strong>1. Platz<\/strong><\/p>\n\n\n\n<h3 class=\"wp-block-heading\">Erfolge bei den <strong>Deutschen Meisterschaften <\/strong>ab 2000<\/h3>\n\n\n\n<p>1er 2016 Aalen Antonia B\u00e4rk (Junioren) <strong>Platz 18<\/strong><br>1er 2018 Neresheim Antonia B\u00e4rk <strong>Platz 12<\/strong><br>2er 2018 Neresheim Kirst\/B\u00e4rk <strong>Platz 4<\/strong><br>2er 2021 Moers Kirst\/B\u00e4rk <strong>Silber<\/strong><br>2er 2023 Nufringen B\u00e4rk\/Bruder (f\u00fcr RV \u00d6hringen) <strong>Gold<\/strong><br>2er 2023 Nufringen Kirst\/Nikodem (Startgemeinschaft mit RV Diamant Lind) <strong>Platz 7<\/strong><br>2er 2024 Sulzbach Kirst\/B\u00e4rk <strong>Gold <\/strong><br>1er 2025 L\u00fcbbecke Antonia B\u00e4rk <strong>Platz 15<\/strong><br>2er 2025 L\u00fcbbecke Kirst\/B\u00e4rk <strong>Gold<\/strong><br><\/p>\n\n\n\n<h3 class=\"wp-block-heading\">Medaillen bei den NRW Landesmeisterschaften ab 2000<\/h3>\n\n\n\n<p>1er&nbsp; 2000&nbsp; Augustdorf<b> Silber <\/b>Nadine Seipel<br>1er&nbsp; 2000&nbsp; Neersen<b> Gold <\/b>Nadine Seipel (Pok.Endrunde)<br>1er&nbsp; 2002&nbsp; Willich<b> Bronze<\/b> Isabel Schrepfer<br>1er&nbsp; 2002&nbsp; Augustdorf<b> Gold <\/b>I. Schrepfer (Pok.Endrunde)<br>1er&nbsp; 2003&nbsp; Neuwerk<b> Silber <\/b>Isabel Schrepfer<br>1er&nbsp; 2004&nbsp; Herford<b> Silber <\/b>Isabel Schrepfer<br>1er&nbsp; 2005&nbsp; Herzogenrath<b> Silber <\/b>Isabel Schrepfer<br>2er&nbsp; 2005&nbsp; Herzogenrath<b> Silber <\/b>Seipel\/Schrepfer<br>1er&nbsp; 2005&nbsp; Lemgo <b>Gold <\/b>Mirko Fiedler<br>2er&nbsp; 2008&nbsp; Erkelenz<b> Bronze <\/b>Seipel\/Schrepfer<br>2er&nbsp; 2009&nbsp; M\u00fclheim\/Ruhr<b> Silber <\/b>Seipel\/Schrepfer<br>1er&nbsp; 2013&nbsp; R\u00f6srath<b> Bronze <\/b>Simon Schreiber<br>1er&nbsp; 2014&nbsp; Lengerich<b> Silber <\/b>Simon Schreiber<br>1er&nbsp; 2016 Bad Salzuflen<b> <strong>Junioren <\/strong>Bronze <\/b>Simon Schreiber<br>1er 2017 Velbert <strong>Bronze<\/strong> Maximilian Dolf<br>2er 2017 Neuwerk <strong>Silber<\/strong> Kirst\/B\u00e4rk<br>2er 2018 Lind <strong>Bronze <\/strong>Kirst\/B\u00e4rk<br>2er 2019 Bad Salzuflen <strong>Gold <\/strong>Kirst\/B\u00e4rk<br>1er 2024 Lengerich Sch\u00fcler U11 <strong>Gold<\/strong> Justus Klima<br>1er 2025 Kervenheim Sch\u00fcler U11 <strong>Gold <\/strong>Julian Grips<br>2er 2025 Kervenheim Sch\u00fcler <strong>Silber <\/strong>Julian Grips und Justus Klima<\/p>\n\n\n\n<h3 class=\"wp-block-heading\">Weitere Erfolge:<\/h3>\n\n\n\n<p>1er 2015 NRW-Landesmeisterschaft Junioren in Lemgo <strong>Platz 2 Antonia B\u00e4rk<\/strong> (f\u00fcr RV Diamant Lind)<br>1er 2016 NRW-Landesmeisterschaft Junioren in Bad Salzuflen <strong>Platz 4 Antonia B\u00e4rk<\/strong><br>1er 2016&nbsp;&nbsp;1. Junior Masters in Sulzbach <strong>Platz 22 Antonia B\u00e4rk<\/strong><br>1er 2016&nbsp; 2. Junior Masters in Kleinwinternheim&nbsp; <strong>Platz 10 Antonia B\u00e4rk<\/strong><br>1er 2016&nbsp;&nbsp;3. Junior Masters in Lemgo <strong>Platz 12 Antonia B\u00e4rk<\/strong><br>1er 2016 NRW-Landesmeisterschaft in R\u00f6srath <strong>Platz 7 Henny Kirst<\/strong><br>2er 2016 NRW-Landesmeisterschaft in R\u00f6srath <strong>Platz 4 Kirst\/B\u00e4rk<\/strong><br>1er 2016&nbsp; L\u00e4nderkampf NRW-Belgien-Niederlande in Heerlen&nbsp; <strong>Platz 1 Antonia B\u00e4rk<\/strong><br>1er 2016 RVR-Pokal in Mainz-Ebersheim <strong>Platz 1 Antonia B\u00e4rk<\/strong><br>1er 2016 RVR-Pokal in Mainz-Ebersheim <strong>Platz 2 Henny Kirst<\/strong><br>2er 2016 RVR-Pokal in Mainz-Ebersheim <strong>Platz 2 Kirst\/B\u00e4rk<\/strong><br>1er 2016 Pfalzpokal in B\u00f6hl-Iggelheim <strong>Platz 1 Antonia B\u00e4rk<\/strong><br>1er 2016 Pfalzpokal in B\u00f6hl-Iggelheim <strong>Platz 3 Henny Kirst<\/strong><br>2er 2016 Pfalzpokal in B\u00f6hl-Iggelheim <strong>Platz 1 Kirst\/B\u00e4rk<\/strong><br>2er 2016&nbsp; 1. German Masters in Schlei\u00dfheim <strong>Platz 7 Kirst\/B\u00e4rk<\/strong><br>2er 2016&nbsp; 2. German Masters in Gau-Algesheim <strong>Platz 9 Kirst\/B\u00e4rk<\/strong><br>2er 2016&nbsp; Int. Deutschland-Cup in \u00d6hringen <strong>Platz 12 Kirst\/B\u00e4rk<\/strong><br>2er 2016&nbsp; 3. German Masters in Biberach <strong>Platz 5 Kirst\/B\u00e4rk<\/strong><br>1er 2016&nbsp; RKB Bundespokal in Rimpar <strong>Platz 3 Antonia B\u00e4rk<\/strong><br>1er 2016 Gro\u00dfer Weinpreis Erlenbach <strong>Platz 1 Antonia B\u00e4rk<\/strong><br>2er 2016 Gro\u00dfer Weinpreis Erlenbach <strong>Platz 2 Kirst\/B\u00e4rk<\/strong><br>2er 2017 Wormser Cup Mannschaftswertung (Einer\/Zweier) <strong>Platz 11 Kirst\/B\u00e4rk<\/strong><br>1er 2017 NRW-Landesmeisterschaft in Neuwerk <strong>Platz 5 Antonia B\u00e4rk<\/strong><br>1er 2017 NRW-Landesmeisterschaft in Neuwerk <strong>Platz 8 Henny Kirst<\/strong><br>1er 2017&nbsp; L\u00e4nderkampf NRW-Belgien-Niederlande in Bonn-Endenich <strong>Platz 1 Antonia B\u00e4rk<\/strong><br>1er 2017&nbsp; L\u00e4nderkampf NRW-Belgien-Niederlande in Bonn-Endenich <strong>Platz 3 Henny Kirst<\/strong><br>2er 2017&nbsp; L\u00e4nderkampf NRW-Belgien-Niederlande in Bonn-Endenich <strong>Platz 1 Kirst\/B\u00e4rk<\/strong><br>2er 2017 Gro\u00dfer Weinpreis Erlenbach <strong>Platz 3 Kirst\/B\u00e4rk<\/strong><br>2er 2018 Wormser Cup Mannschaftswertung (Einer\/Zweier) <strong>Platz 7 Kirst\/B\u00e4rk<\/strong><br>1er 2018 NRW-Landesmeisterschaft in Lind <strong>Platz 5 Antonia B\u00e4rk<\/strong><br>1er 2018 NRW-Landesmeisterschaft in Lind <strong>Platz 8 Henny Kirst<\/strong><br>2er 2018&nbsp; 1. German Masters in Wendlingen <strong>Platz 3 Kirst\/B\u00e4rk<\/strong><br>2er 2018&nbsp; 2. German Masters in R\u00f6srath <strong>Platz 4 Kirst\/B\u00e4rk<\/strong><br>1er 2018&nbsp; 3. German Masters in M\u00e4rkisch Buchholz <strong>Platz 11 Antonia B\u00e4rk<\/strong><br>1er 2018&nbsp; Int. Deutschland-Cup in Lemgo <strong>Platz 10 Antonia B\u00e4rk<\/strong><br>2er 2018&nbsp; Int. Deutschland-Cup in Lemgo <strong>Platz 1 Kirst\/B\u00e4rk<\/strong><br>1er 2018 RKB Bundespokal in Amorbach <strong>Platz 5 Antonia B\u00e4rk<\/strong><br>1er 2018 RKB Bundespokal in Amorbach <strong>Platz 8 Henny Kirst<\/strong><br>2er 2018 RKB Bundespokal in Amorbach <strong>Platz 1 Kirst\/B\u00e4rk<\/strong><br>2er 2019 Wormser Cup Mannschaftswertung (Einer\/Zweier) <strong>Platz 11 Kirst\/B\u00e4rk<\/strong><br>1er 2019 NRW-Landesmeisterschaft in Bad Salzuflen <strong>Platz 5 Antonia B\u00e4rk<\/strong><br>1er 2019 NRW-Landesmeisterschaft in Bad Salzuflen <strong>Platz 10 Henny Kirst<\/strong><br>1er 2019 RKB Bundespokal in Rimpar <strong>Platz 6 Henny Kirst<\/strong><br>2er 2019 RKB Bundespokal in Rimpar <strong>Platz 1 Kirst\/B\u00e4rk<\/strong><br>1er 2020 Sonnenstuhlpokal in Randersacker <strong>Platz 5 Antonia B\u00e4rk<\/strong><br>1er 2020 Sonnenstuhlpokal in Randersacker <strong>Platz 6 Henny Kirst<\/strong><br>2er 2020 Sonnenstuhlpokal in Randersacker <strong>Platz 1 Kirst\/B\u00e4rk<\/strong><br>1er 2020 3. ICWW Online-Cup <strong>Platz 10 Henny Kirst<\/strong><br>2er 2020 Wormser Cup Mannschaftswertung (Einer\/Zweier) <strong>Platz 3 Kirst\/B\u00e4rk<\/strong><br>1er 2021 RKB Fr\u00fchlings-Cup Online <strong>Platz 10 Antonia B\u00e4rk<\/strong><br>1er 2021 RKB Fr\u00fchlings-Cup Online <strong>Platz 16 Henny Kirst<\/strong><br>2er 2021 1. German Masters in \u00d6hringen <strong>Platz 3 Kirst\/B\u00e4rk<\/strong><br>2er 2021 2. German Masters in Denkendorf <strong>Platz 3 Kirst\/B\u00e4r<\/strong>k<br>2er 2021 3. German Masters in Nufringen <strong>Platz 3 Kirst\/B\u00e4rk<\/strong><br>2er 2021 Gesamtwertung German Masters <strong>Platz 3 Kirst\/B\u00e4rk<\/strong><br>1er 2022 1. German Masters in Knetterheide <strong>Platz 17 Henny Kirst<\/strong><br>1er 2022 2. German Masters in Rehbr\u00fccke <strong>Platz 17 Henny Kirst<\/strong><br>1er 2022 Int. Deutschland-Cup in Osterholz-Scharmbeck <strong>Platz 11 Antonia B\u00e4rk<\/strong><br>1er 2022 Int. Deutschland-Cup in Osterholz-Scharmbeck <strong>Platz 14 Henny Kirst<\/strong><br>1er 2022 3. German Masters in Sulzbach <strong>Platz 18 Antonia B\u00e4rk<\/strong><br>1er 2022 3. German Masters in Sulzbach <strong>Platz 22 Henny Kirst<\/strong><br>1er 2023 1. German Masters in Gutach <strong>Platz 23 Henny Kirst<\/strong><br>2er 2023 1. German Masters in Gutach <strong>Platz 2 B\u00e4rk\/Bruder <\/strong>(f\u00fcr RV \u00d6hringen)<br>2er 2023 1. German Masters in Gutach <strong>Platz 7 Kirst\/Nikodem<\/strong> (Startgemeinschaft mit RV Diamant Lind)<br>1er 2023 2. German Masters in Langenselbold <strong>Platz 22 Henny Kirst<\/strong><br>2er 2023 2. German Masters in Langenselbold <strong>Platz 2 B\u00e4rk\/Bruder <\/strong>(f\u00fcr RV \u00d6hringen)<br>2er 2023 2. German Masters in Langenselbold <strong>Platz 7 Kirst\/Nikodem<\/strong> (Startgem. mit RV Diamant Lind)<br>1er 2023 Int. Deutschland-Cup in Erzhausen <strong>Platz 19 Henny Kirst<\/strong><br>1er 2023 Int. Deutschland-Cup in Erzhausen <strong>Platz 12 Antonia B\u00e4rk <\/strong>(f\u00fcr RV \u00d6hringen)<br>2er 2023 Int. Deutschland-Cup in Erzhausen <strong>Platz 2 Kirst\/Nikodem<\/strong> (Startgemeinschaft mit Diamant Lind)<br>1er 2023 3. German Masters in Hainstadt <strong>Platz 22 Henny Kirst<\/strong><br>2er 2023 3. German Masters in Hainstadt <strong>Platz 2 B\u00e4rk\/Bruder <\/strong>(f\u00fcr RV \u00d6hringen)<br>2er 2023 3. German Masters in Hainstadt <strong>Platz 8 Kirst\/Nikodem<\/strong> (Startgemeinschaft mit Diamant Lind)<br>2er 2023 Gesamtwertung German Masters <strong>Platz 2 B\u00e4rk\/Bruder <\/strong>(f\u00fcr RV \u00d6hringen)<br>2er 2024 1. German Masters in Knetterheide <strong>Platz 1 Kirst\/B\u00e4rk<\/strong><br>1er 2024 1. German Masters in Knetterheide <strong>Platz 16 Antonia B\u00e4rk<\/strong><br>2er 2024 2. German Masters in Ilsfeld <strong>Platz 1 Kirst\/B\u00e4rk<\/strong><br>1er 2024 2. German Masters in Ilsfeld <strong>Platz 17 Antonia B\u00e4rk<\/strong><br>1er 2024 Int. Deutschland-Cup in Denkendorf <strong>Platz 11 Antonia B\u00e4rk<\/strong><br>2er 2024 3. German Masters in \u00d6schelbronn <strong>Platz 1 Kirst\/B\u00e4rk<\/strong><br>2er 2024 Gesamtwertung German Masters <strong>Platz 1 Kirst\/B\u00e4rk<\/strong><br>2er 2025 1. German Masters in Sulzbach <strong>Platz 2 Kirst\/B\u00e4rk<\/strong><br>1er 2025 2. German Masters in Bruckm\u00fchl <strong>Platz 14 Antonia B\u00e4rk<\/strong><br>2er 2025 2. German Masters in Bruckm\u00fchl <strong>Platz 1 Kirst\/B\u00e4rk<\/strong><br>1er 2025 Int. Deutschland-Cup in F\u00fcrstenwalde <strong>Platz 4 Antonia B\u00e4rk<\/strong><br>1er 2025 3. German Masters in Mainz-Ebersheim <strong>Platz 14 Antonia B\u00e4rk<\/strong><br>2er 2025 3. German Masters in Mainz-Ebersheim <strong>Platz 1 Kirst\/B\u00e4rk<\/strong><br>2er 2025 Gesamtwertung German Masters <strong>Platz 1 Kirst\/B\u00e4rk<\/strong><\/p>\n\n\n\n<h3 class=\"wp-block-heading\"><strong>Vereinsmeister ab 1994<\/strong><\/h3>\n\n\n\n<p>1994 Kathrin Becker<br>1995 Kathrin Becker<br>1996 Julia Wagner<br>1997 Kristin K\u00fchnle<br>1998 Kristin K\u00fchnle<br>1999 Kerstin K\u00f6hne<br>2000 Samantha Seipel<br>2001 Isabel Schrepfer<br>2002 Samantha Seipel<br>2003 Simon Schmitz<br>2004 Simon Schmitz<br>2005 Isabel Schrepfer<br>2006 Nina Neu<br>2007 Nora Schneider<br>2008 Isabel Schrepfer<br>2009 Katharina Riemenschneider<br>2010 Rebecca M\u00f6ller<br>2011 Antonia B\u00e4rk<br>2012 Henny Kirst<br>2013 Henny Kirst<br>2014 Henny Kirst<br>2015 Simon Schreiber<br>2016 Simon Schreiber<br>2017 Lena Lindner<br>2018<br>2019<\/p>\n\n\n\n<p>2021 Elizabeth Grips<br>2022 Daria H\u00fcller<br>2023 Daria H\u00fcller<br>2024 Daria H\u00fcller<br>2025 Elizabeth Grips<\/p>\n","protected":false},"excerpt":{"rendered":"<p>Die Geschichte Die Entstehungsgeschichte der Radsportfreunde 1936 e.V. Bonn-Duisdorf ist eng mit dem damaligen Radfahrverein Komet Duisdorf verbunden.Leider liegen uns kriegsbedingt keinerlei Dokumentationen aus der Zeit bis 1949 mehr vor. Die Vereinsgr\u00fcnder waren Josef Nettekoven, Josef Fassbender, Michael Fassbender, Willi Brack, Peter J\u00e4b, Peter Br\u00e4utigam und Peter Schurz. Zum ersten Vorsitzenden wurde Josef Nettekoven gew\u00e4hlt. [&hellip;]<\/p>\n","protected":false},"author":2,"featured_media":0,"parent":0,"menu_order":0,"comment_status":"closed","ping_status":"closed","template":"","meta":{"footnotes":""},"class_list":["post-85","page","type-page","status-publish","hentry"],"_links":{"self":[{"href":"http:\/\/www.rsf-duisdorf.de\/index.php?rest_route=\/wp\/v2\/pages\/85","targetHints":{"allow":["GET"]}}],"collection":[{"href":"http:\/\/www.rsf-duisdorf.de\/index.php?rest_route=\/wp\/v2\/pages"}],"about":[{"href":"http:\/\/www.rsf-duisdorf.de\/index.php?rest_route=\/wp\/v2\/types\/page"}],"author":[{"embeddable":true,"href":"http:\/\/www.rsf-duisdorf.de\/index.php?rest_route=\/wp\/v2\/users\/2"}],"replies":[{"embeddable":true,"href":"http:\/\/www.rsf-duisdorf.de\/index.php?rest_route=%2Fwp%2Fv2%2Fcomments&post=85"}],"version-history":[{"count":46,"href":"http:\/\/www.rsf-duisdorf.de\/index.php?rest_route=\/wp\/v2\/pages\/85\/revisions"}],"predecessor-version":[{"id":3210,"href":"http:\/\/www.rsf-duisdorf.de\/index.php?rest_route=\/wp\/v2\/pages\/85\/revisions\/3210"}],"wp:attachment":[{"href":"http:\/\/www.rsf-duisdorf.de\/index.php?rest_route=%2Fwp%2Fv2%2Fmedia&parent=85"}],"curies":[{"name":"wp","href":"https:\/\/api.w.org\/{rel}","templated":true}]}}