{"id":93,"date":"2016-03-13T00:04:19","date_gmt":"2016-03-12T22:04:19","guid":{"rendered":"https:\/\/rsfduisdorf.wordpress.com\/?page_id=93"},"modified":"2026-01-05T13:58:08","modified_gmt":"2026-01-05T13:58:08","slug":"unterseite","status":"publish","type":"page","link":"http:\/\/www.rsf-duisdorf.de\/?page_id=93","title":{"rendered":"Regeln"},"content":{"rendered":"<p><strong>Wertungsrichtlinien<\/strong><\/p>\n<p>Fahrfl\u00e4che: 14,00m x 11,00m<br \/>\nInnenkreis: 0,50m<br \/>\nMittelkreis: 4,00m<br \/>\nAussenkreis: 8,00m<\/p>\n<p>Die Wettkampfregeln sind in einem weltweiten g\u00fcltigen Reglement festgeschrieben. Das Regelbuch nennt f\u00fcr jede Wettkampfdisziplin &#8211; Einer-, Zweier-, Vierer- und Sechser Kunstradfahren- jeweils 150 bis 200 verschiedene \u00dcbungen. Aus diesem festgelegten Reportoir stellt der Sportler seine K\u00fcr mit einer festgelegten Anzahl von \u00dcbungen zusammen und kann zudem seine Begleitmusik frei w\u00e4hlen.<br \/>\nDie jeweils maximale Zahl der \u00dcbungen umfasst im Einer 25 bzw. 30 ( Sch\u00fcler\/Junioren) im Zweier 25 ( hiervon mind. 8 jedoch max. 15 \u00dcbungen auf einem Rad), im Vierer bzw. Sechser 25.<\/p>\n<p>Je nach Schwierigkeitsgrad erh\u00e4lt man f\u00fcr jede Figur eine bestimmte Punktzahl, die im Fachjargon als Wertungsziffer bezeichnet wird.<br \/>\nIn der Addition Figuren (\u00dcbungen) ergibt sich somit eine Schwierigkeitspunktzahl, die \u00fcber Startreihenfolge bei Wettbewerbsbeginn entscheidet.<\/p>\n<p>Der Sportler mit der h\u00f6chsten Schwierigkeitspunktzahl startet, in seiner Gruppe, als Letzter.<br \/>\nDie Bewetung wird getrennt in Ausf\u00fchrung, Form der Darbietung und Schwierigkeit.<br \/>\nPunktabz\u00fcge bei der Ausf\u00fchrung entstehen durch:<\/p>\n<ul>\n<li>nicht fl\u00fcssige Fahrweise, schlechte K\u00f6rperhaltung, \u00fcberfahren der Fl\u00e4chenbegrenzung oder 4,00m Kreislinie nach innen (0,2 + 0,5 Punkte)<\/li>\n<li>kuzes ber\u00fchren des Bodens (Tipper), anfassen und wieder loslassen des Lenkers oder Rades bei freih\u00e4ndigen \u00dcbungen, abst\u00fctzen am Lenker bei Drehspr\u00fcngen oder Hocken ( 1,0 Punkte)<\/li>\n<li>Sturz ( 2,0 Punkte)<\/li>\n<\/ul>\n<p>Punktabzug bei Schwierigkeit enstehen:<\/p>\n<ul>\n<li>wenn bei einer \u00dcbung nicht die vollst\u00e4ndige Strecke in Form einer Runde oder einer Wechselrunde ( Form einer Acht) zur\u00fcck gelegt worden ist<\/li>\n<li>wenn das 5 Minuten Limit \u00fcberschritten wird<\/li>\n<li>wenn in der Reihenfolge des aufgestellten Fahrprogramms \u00dcbungen ausgelassen werden.<\/li>\n<\/ul>\n<p>Das Endresultat der Wettbewerbe ergibt sich nach Abzug der Summe aller Fahrfehler von der aufgestellten Gesamtpunktzahl.<\/p>\n<p><strong>Altersklasseneinteilung im Kunstradsport<\/strong><\/p>\n<p>Elite ab 19 Jahre<br \/>\nJuniorinnen\/Junioren 15\/18 Jahre<br \/>\nSch\u00fclerinnen\/Sch\u00fcler U15 13\/14 Jahre<br \/>\nSch\u00fclerinnen\/Sch\u00fcler U13 11\/12 Jahre<br \/>\nSch\u00fclerinnen\/Sch\u00fcler U11 10 Jahre und j\u00fcnger<\/p>\n<div class=\"moz-text-html\" lang=\"x-unicode\">\n<div><strong>Qualifikationskriterien f\u00fcr die Landesmeisterschaft (LV)<\/strong><\/div>\n<div><\/div>\n<div>\n<p>Mindestpunktzahlen f\u00fcr 2025:<\/p>\n<table style=\"height: 834px;\" width=\"839\">\n<tbody>\n<tr>\n<td width=\"134\"><\/td>\n<td colspan=\"4\" width=\"300\">Kunstfahrrad<\/td>\n<td colspan=\"2\" width=\"150\">Einrad<\/td>\n<\/tr>\n<tr>\n<td><\/td>\n<td width=\"89\">1er<\/td>\n<td width=\"61\">2er<\/td>\n<td width=\"61\">4er<\/td>\n<td width=\"89\">6er<\/td>\n<td width=\"61\">4er<\/td>\n<td width=\"89\">6er<\/td>\n<\/tr>\n<tr>\n<td>M\u00e4nner<\/td>\n<td>60<\/td>\n<td>45<\/td>\n<td>65<\/td>\n<td rowspan=\"2\" width=\"89\">\u00a0offene\u00a0 \u00a0Klasse<br \/>\n60<\/td>\n<td>50<\/td>\n<td rowspan=\"2\" width=\"89\">offene<br \/>\nKlasse<br \/>\n40<\/td>\n<\/tr>\n<tr>\n<td>Frauen<\/td>\n<td>65<\/td>\n<td>50<\/td>\n<td>65<\/td>\n<td>50<\/td>\n<\/tr>\n<tr>\n<td>Junioren<\/td>\n<td>40<\/td>\n<td>30<\/td>\n<td>40<\/td>\n<td rowspan=\"2\" width=\"89\">\u00a0offene\u00a0 \u00a0Klasse<br \/>\n45<\/td>\n<td>35<\/td>\n<td rowspan=\"2\" width=\"89\">offene<br \/>\nKlasse<br \/>\n35<\/td>\n<\/tr>\n<tr>\n<td>Juniorinnen<\/td>\n<td>60<\/td>\n<td>40<\/td>\n<td>45<\/td>\n<td>50<\/td>\n<\/tr>\n<tr>\n<td rowspan=\"3\">Sch\u00fcler<\/td>\n<td>U15\u00a0\u00a0 30<\/td>\n<td rowspan=\"3\">20<\/td>\n<td rowspan=\"3\">20<\/td>\n<td rowspan=\"6\" width=\"89\">\u00a0offene\u00a0 Klasse<br \/>\n20<\/td>\n<td rowspan=\"3\">30<\/td>\n<td rowspan=\"6\" width=\"89\">offene<br \/>\nKlasse<br \/>\n25<\/td>\n<\/tr>\n<tr>\n<td>U13\u00a0\u00a0 25<\/td>\n<\/tr>\n<tr>\n<td>U11\u00a0\u00a0 20<\/td>\n<\/tr>\n<tr>\n<td rowspan=\"3\">Sch\u00fclerinnen<\/td>\n<td>U15\u00a0\u00a0 40<\/td>\n<td rowspan=\"3\">25<\/td>\n<td rowspan=\"3\">25<\/td>\n<td rowspan=\"3\">40<\/td>\n<\/tr>\n<tr>\n<td>U13\u00a0\u00a0 35<\/td>\n<\/tr>\n<tr>\n<td>U11\u00a0\u00a0 30<\/td>\n<\/tr>\n<\/tbody>\n<\/table>\n<p class=\"bodytext\">Die Mindestpunktzahlen m\u00fcssen bei den Bezirksmeisterschaften ausgefahren werden.<br \/>\nF\u00fcr die Altersklasse Sch\u00fcler und Junioren gilt folgende Regelung:<br \/>\nAlle Sportler, die die obige Punktzahl erreicht haben, sind qualifiziert.<br \/>\nF\u00fcr Sch\u00fcler:innen, welche bei der Bezirksmeisterschaft die Qualifikation zur Landesmeisterschaft verpasst haben, besteht auf der Landesmeisterschaft Junior:innen die M\u00f6glichkeit einer Nachqualifikation, sofern die eingereichte Punktzahl \u00fcber der Qualifikationspunktzahl der Landesmeisterschaft Sch\u00fcler:innen liegt.<\/p>\n<p>\u00c4nderungen vorbehalten (2025)<\/p>\n<\/div>\n<\/div>\n","protected":false},"excerpt":{"rendered":"<p>Wertungsrichtlinien Fahrfl\u00e4che: 14,00m x 11,00m Innenkreis: 0,50m Mittelkreis: 4,00m Aussenkreis: 8,00m Die Wettkampfregeln sind in einem weltweiten g\u00fcltigen Reglement festgeschrieben. Das Regelbuch nennt f\u00fcr jede Wettkampfdisziplin &#8211; Einer-, Zweier-, Vierer- und Sechser Kunstradfahren- jeweils 150 bis 200 verschiedene \u00dcbungen. Aus diesem festgelegten Reportoir stellt der Sportler seine K\u00fcr mit einer festgelegten Anzahl von \u00dcbungen zusammen [&hellip;]<\/p>\n","protected":false},"author":2,"featured_media":0,"parent":0,"menu_order":0,"comment_status":"closed","ping_status":"closed","template":"","meta":{"footnotes":""},"class_list":["post-93","page","type-page","status-publish","hentry"],"_links":{"self":[{"href":"http:\/\/www.rsf-duisdorf.de\/index.php?rest_route=\/wp\/v2\/pages\/93","targetHints":{"allow":["GET"]}}],"collection":[{"href":"http:\/\/www.rsf-duisdorf.de\/index.php?rest_route=\/wp\/v2\/pages"}],"about":[{"href":"http:\/\/www.rsf-duisdorf.de\/index.php?rest_route=\/wp\/v2\/types\/page"}],"author":[{"embeddable":true,"href":"http:\/\/www.rsf-duisdorf.de\/index.php?rest_route=\/wp\/v2\/users\/2"}],"replies":[{"embeddable":true,"href":"http:\/\/www.rsf-duisdorf.de\/index.php?rest_route=%2Fwp%2Fv2%2Fcomments&post=93"}],"version-history":[{"count":5,"href":"http:\/\/www.rsf-duisdorf.de\/index.php?rest_route=\/wp\/v2\/pages\/93\/revisions"}],"predecessor-version":[{"id":2924,"href":"http:\/\/www.rsf-duisdorf.de\/index.php?rest_route=\/wp\/v2\/pages\/93\/revisions\/2924"}],"wp:attachment":[{"href":"http:\/\/www.rsf-duisdorf.de\/index.php?rest_route=%2Fwp%2Fv2%2Fmedia&parent=93"}],"curies":[{"name":"wp","href":"https:\/\/api.w.org\/{rel}","templated":true}]}}