{"id":43,"date":"2016-03-12T19:51:43","date_gmt":"2016-03-12T17:51:43","guid":{"rendered":"https:\/\/rsfduisdorf.wordpress.com\/?page_id=43"},"modified":"2026-01-23T08:58:08","modified_gmt":"2026-01-23T08:58:08","slug":"der-verein","status":"publish","type":"page","link":"https:\/\/www.rsf-duisdorf.de\/","title":{"rendered":"Mach mit!"},"content":{"rendered":"\n<p><\/p>\n\n\n\n<p>Radsportfreunde 1936 e.V. Bonn-Duisdorf<br>Traditionsreicher Verein mit vielen jungen Sportlern<\/p>\n\n\n\n<p>Du hast Lust eine au\u00dfergew\u00f6hnliche Sportart auszu\u00fcben, Kunstturnen mit Fahrradfahren zu kombinieren und nette Leute in einem famili\u00e4ren Verein kennen zu lernen?<\/p>\n\n\n\n<p>Die Radsportfreunde 1936 e.V. Bonn-Duisdorf bieten genau das!<br>In der Toni-Mai-Halle in Bonn-Duisdorf trainieren wir an mehreren Tagen pro Woche. Da ist sicher auch ein Tag f\u00fcr dich dabei.<\/p>\n\n\n\n<p>Neben dem regelm\u00e4\u00dfigen Training fahren wir regelm\u00e4\u00dfig zu Wettk\u00e4mpfen, um uns mit den Kunstrad-Vereinen der n\u00e4heren oder weiteren Umgebung zu messen.<\/p>\n\n\n\n<p>Im Verein trainieren alle Altersklassen, beginnend ab einem Alter von ca. 6 Jahren bis hin zur Elite. Bist du j\u00fcnger, m\u00fcssen wir einfach testen, ob du schon die vereinseigenen, ganz speziellen Fahrr\u00e4der nutzen kannst.<\/p>\n\n\n\n<p>Haben wir deine Neugierde geweckt? Komm einfach spontan zu einem Training vorbei. Die aktuellen Trainingszeiten findest du immer unter dem Men\u00fcpunkt &#8222;Termine&#8220;.<\/p>\n\n\n\n<p>Und hier geht es zu unserem Vereins-Shop:<\/p>\n\n\n<div class=\"wp-block-image\">\n<figure class=\"aligncenter size-large is-resized\"><a href=\"https:\/\/www.teamstolz.de\/vereinsshop\/rsf-duisdorf\/\"><img loading=\"lazy\" decoding=\"async\" width=\"1024\" height=\"683\" src=\"https:\/\/www.rsf-duisdorf.de\/wp-content\/uploads\/2026\/01\/Designer-6-1024x683.png\" alt=\"\" class=\"wp-image-3067\" style=\"aspect-ratio:1.4992888417882142;width:501px;height:auto\" srcset=\"https:\/\/www.rsf-duisdorf.de\/wp-content\/uploads\/2026\/01\/Designer-6-1024x683.png 1024w, https:\/\/www.rsf-duisdorf.de\/wp-content\/uploads\/2026\/01\/Designer-6-300x200.png 300w, https:\/\/www.rsf-duisdorf.de\/wp-content\/uploads\/2026\/01\/Designer-6-768x512.png 768w, https:\/\/www.rsf-duisdorf.de\/wp-content\/uploads\/2026\/01\/Designer-6.png 1536w\" sizes=\"auto, (max-width: 1024px) 100vw, 1024px\" \/><\/a><\/figure>\n<\/div>\n\n\n<p><span style=\"color: #ffffff;\">RSF<\/span><\/p>\n\n\n\n<hr class=\"wp-block-separator has-alpha-channel-opacity\"\/>\n\n\n\n<figure class=\"wp-block-image\"><a href=\"http:\/\/www.rsf-duisdorf.de\/wp-content\/uploads\/2023\/08\/REACT-EU_LOGO_JPG_RGB.jpg\"><img loading=\"lazy\" decoding=\"async\" width=\"300\" height=\"70\" src=\"http:\/\/www.rsf-duisdorf.de\/wp-content\/uploads\/2023\/08\/REACT-EU_LOGO_JPG_RGB-300x70.jpg\" alt=\"\" class=\"wp-image-1532\" srcset=\"https:\/\/www.rsf-duisdorf.de\/wp-content\/uploads\/2023\/08\/REACT-EU_LOGO_JPG_RGB-300x70.jpg 300w, https:\/\/www.rsf-duisdorf.de\/wp-content\/uploads\/2023\/08\/REACT-EU_LOGO_JPG_RGB-1024x237.jpg 1024w, https:\/\/www.rsf-duisdorf.de\/wp-content\/uploads\/2023\/08\/REACT-EU_LOGO_JPG_RGB-768x178.jpg 768w, https:\/\/www.rsf-duisdorf.de\/wp-content\/uploads\/2023\/08\/REACT-EU_LOGO_JPG_RGB.jpg 1053w\" sizes=\"auto, (max-width: 300px) 100vw, 300px\" \/><\/a><\/figure>\n\n\n\n<p><\/p>\n\n\n\n<p><strong>Digitalisierung des Breitensports in NRW<\/strong><\/p>\n\n\n\n<p>Auch wir nehmen an dem F\u00f6rderprogramm &#8222;Digitalisierung gemeinn\u00fctziger Sportorganisationen in Nordrhein-Westfalen&#8220; teil. Finanziert wir es durch Mittel der Europ\u00e4ischen Union. Dadurch sind wir nun in der Lage die bisher genutzten privaten Ger\u00e4te von Vorstandsmitgliedern durch vereinseigene zu ersetzen.<\/p>\n\n\n\n<p>F\u00fcr die begleitende Durchf\u00fchrung des Programm durch den Stadtsportbund Bonn e.V. sind wir sehr dankbar.<\/p>\n\n\n\n<p>Dieses Projekt wird durch die Europ\u00e4ische Union als Teil der Reaktion der Union auf die COVID-19-Pandemie finanziert.<\/p>\n\n\n\n<p><a href=\"https:\/\/www.efre.nrw.de\/wege-zur-foerderung\/react-eu\/digitalisierung-gemeinnuetziger-sportorganisationen-in-nrw\/\">\u2192 Weitere Informationen zum Projekt REACT-EU<\/a><br><a href=\"http:\/\/www.efre.nrw\">\u2192 www.efre.nrw<\/a><br><a href=\"http:\/\/www.wirtschaft.nrw\">\u2192 www.wirtschaft.nrw<\/a><\/p>\n","protected":false},"excerpt":{"rendered":"<p>Radsportfreunde 1936 e.V. Bonn-DuisdorfTraditionsreicher Verein mit vielen jungen Sportlern Du hast Lust eine au\u00dfergew\u00f6hnliche Sportart auszu\u00fcben, Kunstturnen mit Fahrradfahren zu kombinieren und nette Leute in einem famili\u00e4ren Verein kennen zu lernen? Die Radsportfreunde 1936 e.V. Bonn-Duisdorf bieten genau das!In der Toni-Mai-Halle in Bonn-Duisdorf trainieren wir an mehreren Tagen pro Woche. Da ist sicher auch ein [&hellip;]<\/p>\n","protected":false},"author":2,"featured_media":0,"parent":0,"menu_order":0,"comment_status":"closed","ping_status":"closed","template":"","meta":{"footnotes":""},"class_list":["post-43","page","type-page","status-publish","hentry"],"_links":{"self":[{"href":"https:\/\/www.rsf-duisdorf.de\/index.php?rest_route=\/wp\/v2\/pages\/43","targetHints":{"allow":["GET"]}}],"collection":[{"href":"https:\/\/www.rsf-duisdorf.de\/index.php?rest_route=\/wp\/v2\/pages"}],"about":[{"href":"https:\/\/www.rsf-duisdorf.de\/index.php?rest_route=\/wp\/v2\/types\/page"}],"author":[{"embeddable":true,"href":"https:\/\/www.rsf-duisdorf.de\/index.php?rest_route=\/wp\/v2\/users\/2"}],"replies":[{"embeddable":true,"href":"https:\/\/www.rsf-duisdorf.de\/index.php?rest_route=%2Fwp%2Fv2%2Fcomments&post=43"}],"version-history":[{"count":25,"href":"https:\/\/www.rsf-duisdorf.de\/index.php?rest_route=\/wp\/v2\/pages\/43\/revisions"}],"predecessor-version":[{"id":3068,"href":"https:\/\/www.rsf-duisdorf.de\/index.php?rest_route=\/wp\/v2\/pages\/43\/revisions\/3068"}],"wp:attachment":[{"href":"https:\/\/www.rsf-duisdorf.de\/index.php?rest_route=%2Fwp%2Fv2%2Fmedia&parent=43"}],"curies":[{"name":"wp","href":"https:\/\/api.w.org\/{rel}","templated":true}]}}